{"id":42,"date":"2019-07-30T00:07:19","date_gmt":"2019-07-29T22:07:19","guid":{"rendered":"http:\/\/paroles-de-bibs.org\/?page_id=42"},"modified":"2019-09-24T18:49:39","modified_gmt":"2019-09-24T16:49:39","slug":"partenaires-amis","status":"publish","type":"page","link":"https:\/\/paroles-de-bibs.org\/?page_id=42","title":{"rendered":"Amis"},"content":{"rendered":"\n<p><\/p>\n\n\n\n<figure class=\"wp-block-image is-resized\"><a href=\"https:\/\/www.cinemalerio.com\/\" target=\"_blank\" rel=\"noreferrer noopener\"><img loading=\"lazy\" src=\"http:\/\/paroles-de-bibs.org\/wp-content\/uploads\/2019\/08\/Site-Logo-Rio-1.jpg\" alt=\"cin\u00e9ma le Rio - Logo\" class=\"wp-image-610\" width=\"557\" height=\"199\" srcset=\"https:\/\/paroles-de-bibs.org\/wp-content\/uploads\/2019\/08\/Site-Logo-Rio-1.jpg 500w, https:\/\/paroles-de-bibs.org\/wp-content\/uploads\/2019\/08\/Site-Logo-Rio-1-300x107.jpg 300w\" sizes=\"(max-width: 557px) 100vw, 557px\" \/><\/a><figcaption> Le cin\u00e9ma Le Rio est un cin\u00e9ma d&#8217;art et d&#8217;essai ind\u00e9pendant et militant \u00e0 Clermont-Ferrand. <\/figcaption><\/figure>\n\n\n\n<figure class=\"wp-block-image is-resized\"><a href=\"http:\/\/www.lesmutins.org\/\" target=\"_blank\" rel=\"noreferrer noopener\"><img loading=\"lazy\" src=\"http:\/\/paroles-de-bibs.org\/wp-content\/uploads\/2019\/07\/logo-sitePange.jpg\" alt=\"\" class=\"wp-image-97\" width=\"578\" height=\"104\" srcset=\"https:\/\/paroles-de-bibs.org\/wp-content\/uploads\/2019\/07\/logo-sitePange.jpg 802w, https:\/\/paroles-de-bibs.org\/wp-content\/uploads\/2019\/07\/logo-sitePange-300x54.jpg 300w, https:\/\/paroles-de-bibs.org\/wp-content\/uploads\/2019\/07\/logo-sitePange-768x138.jpg 768w\" sizes=\"(max-width: 578px) 100vw, 578px\" \/><\/a><figcaption> <strong>Les Mutins de Pang\u00e9e<\/strong>  est une coop\u00e9rative audiovisuelle et cin\u00e9matographique de production et  d\u2019\u00e9dition cr\u00e9\u00e9e en 2005, partenaire avec le Festival du Film Court et  Engag\u00e9 <\/figcaption><\/figure>\n\n\n\n<p><\/p>\n\n\n\n<figure class=\"wp-block-image is-resized\"><a href=\"https:\/\/www.tenk.fr\/\" target=\"_blank\" rel=\"noreferrer noopener\"><img loading=\"lazy\" src=\"http:\/\/paroles-de-bibs.org\/wp-content\/uploads\/2019\/08\/Tenk.jpg\" alt=\"\" class=\"wp-image-616\" width=\"553\" height=\"198\" srcset=\"https:\/\/paroles-de-bibs.org\/wp-content\/uploads\/2019\/08\/Tenk.jpg 500w, https:\/\/paroles-de-bibs.org\/wp-content\/uploads\/2019\/08\/Tenk-300x107.jpg 300w\" sizes=\"(max-width: 553px) 100vw, 553px\" \/><\/a><figcaption> <strong>T\u00ebnk<\/strong>, le documentaire d&#8217;auteur sur abonnement <\/figcaption><\/figure>\n\n\n\n<figure class=\"wp-block-image is-resized\"><a href=\"http:\/\/www.film-documentaire.fr\/4DACTION\/w_accueil\" target=\"_blank\" rel=\"noreferrer noopener\"><img loading=\"lazy\" src=\"http:\/\/paroles-de-bibs.org\/wp-content\/uploads\/2019\/07\/logo-film-docu.png\" alt=\"\" class=\"wp-image-95\" width=\"551\" height=\"197\" srcset=\"https:\/\/paroles-de-bibs.org\/wp-content\/uploads\/2019\/07\/logo-film-docu.png 500w, https:\/\/paroles-de-bibs.org\/wp-content\/uploads\/2019\/07\/logo-film-docu-300x107.png 300w\" sizes=\"(max-width: 551px) 100vw, 551px\" \/><\/a><figcaption> Film-documentaire.fr est le site de r\u00e9f\u00e9rence du film documentaire  francophone, au service des professionnels et du public, partenaire avec  le Festival du Film Court et <br>Engag\u00e9. <\/figcaption><\/figure>\n\n\n\n<div class=\"wp-block-image\"><figure class=\"alignleft is-resized\"><a class=\"http:\/\/mediacoop.fr\/le-cactus-de-linfo\/\" href=\"http:\/\/mediacoop.fr\/le-cactus-de-linfo\/\" target=\"_blank\" rel=\"noreferrer noopener\"><img loading=\"lazy\" src=\"http:\/\/paroles-de-bibs.org\/wp-content\/uploads\/2019\/09\/mediacoop-logo-fdjaune-siteweb.jpg\" alt=\"\" class=\"wp-image-1185\" width=\"451\" height=\"236\" srcset=\"https:\/\/paroles-de-bibs.org\/wp-content\/uploads\/2019\/09\/mediacoop-logo-fdjaune-siteweb.jpg 700w, https:\/\/paroles-de-bibs.org\/wp-content\/uploads\/2019\/09\/mediacoop-logo-fdjaune-siteweb-300x158.jpg 300w\" sizes=\"(max-width: 451px) 100vw, 451px\" \/><\/a><figcaption> Le cactus de l&#8217;info.<br>Nous avons d\u00e9cid\u00e9 de  cr\u00e9er un m\u00e9dia qui relie les citoyens au monde de  l\u2019information.   <\/figcaption><\/figure><\/div>\n\n\n\n<p>  <\/p>\n\n\n\n<p><\/p>\n\n\n\n<figure class=\"wp-block-image is-resized\"><a href=\"https:\/\/lagrangeapalabres.wordpress.com\/\" target=\"_blank\" rel=\"noreferrer noopener\"><img loading=\"lazy\" src=\"http:\/\/paroles-de-bibs.org\/wp-content\/uploads\/2019\/09\/cropped-img_19451-e1569343111174.jpg\" alt=\"\" class=\"wp-image-1142\" width=\"557\" height=\"249\" srcset=\"https:\/\/paroles-de-bibs.org\/wp-content\/uploads\/2019\/09\/cropped-img_19451-e1569343111174.jpg 503w, https:\/\/paroles-de-bibs.org\/wp-content\/uploads\/2019\/09\/cropped-img_19451-e1569343111174-300x134.jpg 300w\" sizes=\"(max-width: 557px) 100vw, 557px\" \/><\/a><figcaption> La grange \u00e0 Palabres est un lieu de rencontres et de discussion autour des films. Chaque ann\u00e9e un festival est organis\u00e9. <\/figcaption><\/figure>\n\n\n\n<p> <\/p>\n","protected":false},"excerpt":{"rendered":"<p><\/p>","protected":false},"author":1,"featured_media":0,"parent":0,"menu_order":0,"comment_status":"closed","ping_status":"closed","template":"","meta":[],"_links":{"self":[{"href":"https:\/\/paroles-de-bibs.org\/index.php?rest_route=\/wp\/v2\/pages\/42"}],"collection":[{"href":"https:\/\/paroles-de-bibs.org\/index.php?rest_route=\/wp\/v2\/pages"}],"about":[{"href":"https:\/\/paroles-de-bibs.org\/index.php?rest_route=\/wp\/v2\/types\/page"}],"author":[{"embeddable":true,"href":"https:\/\/paroles-de-bibs.org\/index.php?rest_route=\/wp\/v2\/users\/1"}],"replies":[{"embeddable":true,"href":"https:\/\/paroles-de-bibs.org\/index.php?rest_route=%2Fwp%2Fv2%2Fcomments&post=42"}],"version-history":[{"count":17,"href":"https:\/\/paroles-de-bibs.org\/index.php?rest_route=\/wp\/v2\/pages\/42\/revisions"}],"predecessor-version":[{"id":1188,"href":"https:\/\/paroles-de-bibs.org\/index.php?rest_route=\/wp\/v2\/pages\/42\/revisions\/1188"}],"wp:attachment":[{"href":"https:\/\/paroles-de-bibs.org\/index.php?rest_route=%2Fwp%2Fv2%2Fmedia&parent=42"}],"curies":[{"name":"wp","href":"https:\/\/api.w.org\/{rel}","templated":true}]}}